{"id":27229,"date":"2024-11-25T13:18:19","date_gmt":"2024-11-25T12:18:19","guid":{"rendered":"https:\/\/www.spaceylon.hr\/proizvod\/undersea-paradise-limited-edition-collection-of-intensive-hand-cream-3x30g\/"},"modified":"2025-10-27T11:18:54","modified_gmt":"2025-10-27T10:18:54","slug":"undersea-paradise-limited-edition-collection-of-intensive-hand-cream-3x30g","status":"publish","type":"product","link":"https:\/\/www.spaceylon.hr\/en\/proizvod\/undersea-paradise-limited-edition-collection-of-intensive-hand-cream-3x30g\/","title":{"rendered":"UNDERSEA PARADISE LIMITED EDITION COLLECTION OF INTENSIVE HAND CREAM 3X30g"},"content":{"rendered":"<p><strong>UNDERSEA PARADISE LIMITED EDITION COLLECTION OF INTENSIVE HAND CREAM 3X30g<\/strong><\/p>\n<ul>\n<li>Mirissa intensive hand cream 30g<\/li>\n<li>Unawatuna intensive hand cream 30g<\/li>\n<li>Arugam Bay intensive hand cream 30g<\/li>\n<\/ul>\n<p id=\"tw-target-text\" class=\"tw-data-text tw-text-large tw-ta\" dir=\"ltr\" data-placeholder=\"Translation\" data-ved=\"2ahUKEwjwzLH9nP2JAxVmBdsEHe3bE4IQ3ewLegQIDhAU\" aria-label=\"Translated text: Bogata, prirodno hidratantna mje\u0161avina WonderHerbs, biljnih ulja i vo\u0107nih maslaca za dubinsku njegu, njegu i za\u0161titu. Pro\u017eet aromati\u010dnim esencijama i cvjetnim eteri\u010dnim uljima za dugotrajnu mirisnu meko\u0107u.\"><span class=\"Y2IQFc\" lang=\"hr\">A rich, naturally moisturizing blend of Ayurveda herbs, vegetable oils and fruit butters for deep care and protection. Infused with aromatic essences and floral essential oils for long-lasting fragrant softness. <\/span><\/p>\n<p class=\"tw-data-text tw-text-large tw-ta\" dir=\"ltr\" data-placeholder=\"Translation\" data-ved=\"2ahUKEwjwzLH9nP2JAxVmBdsEHe3bE4IQ3ewLegQIDhAU\" aria-label=\"Translated text: Bogata, prirodno hidratantna mje\u0161avina WonderHerbs, biljnih ulja i vo\u0107nih maslaca za dubinsku njegu, njegu i za\u0161titu. Pro\u017eet aromati\u010dnim esencijama i cvjetnim eteri\u010dnim uljima za dugotrajnu mirisnu meko\u0107u.\"><strong>Use:<\/strong> Apply and gently massage after each hand wash or as needed.<\/p>\n<p>&nbsp;<\/p>\n<ul>\n<li>\n<div>without parabens<\/div>\n<\/li>\n<li>\n<div>without alcohol<\/div>\n<\/li>\n<li>\n<div>without silicone<\/div>\n<\/li>\n<li>\n<div>without paraffin<\/div>\n<\/li>\n<li>\n<div>not tested on animals<\/div>\n<\/li>\n<li>\n<div>100% vegetarian product<\/div>\n<\/li>\n<\/ul>\n","protected":false},"excerpt":{"rendered":"<p>UNDERSEA PARADISE LIMITED EDITION COLLECTION OF INTENSIVE HAND CREAM 3X30g Mirissa intensive hand cream 30g Unawatuna intensive hand cream 30g [&hellip;]<\/p>\n","protected":false},"featured_media":27325,"template":"","meta":[],"product_cat":[479,640,450,496],"product_tag":[],"class_list":{"0":"post-27229","1":"product","2":"type-product","3":"status-publish","4":"has-post-thumbnail","6":"product_cat-body-care-sets","7":"product_cat-festive-limited-edition-en","8":"product_cat-gift-sets","9":"product_cat-hand-creams","11":"first","12":"outofstock","13":"sale","14":"taxable","15":"shipping-taxable","16":"purchasable","17":"product-type-simple"},"yoast_head":"<!-- This site is optimized with the Yoast SEO plugin v23.3 - https:\/\/yoast.com\/wordpress\/plugins\/seo\/ -->\n<title>UNDERSEA PARADISE LIMITED EDITION COLLECTION OF INTENSIVE HAND CREAM 3X30g | Spa Ceylon Croatia<\/title>\n<meta name=\"robots\" content=\"index, follow, max-snippet:-1, max-image-preview:large, max-video-preview:-1\" \/>\n<link rel=\"canonical\" href=\"https:\/\/www.spaceylon.hr\/en\/proizvod\/undersea-paradise-limited-edition-collection-of-intensive-hand-cream-3x30g\/\" \/>\n<meta property=\"og:locale\" content=\"en_US\" \/>\n<meta property=\"og:type\" content=\"article\" \/>\n<meta property=\"og:title\" content=\"UNDERSEA PARADISE LIMITED EDITION COLLECTION OF INTENSIVE HAND CREAM 3X30g | Spa Ceylon Croatia\" \/>\n<meta property=\"og:description\" content=\"UNDERSEA PARADISE LIMITED EDITION COLLECTION OF INTENSIVE HAND CREAM 3X30g Mirissa intensive hand cream 30g Unawatuna intensive hand cream 30g [&hellip;]\" \/>\n<meta property=\"og:url\" content=\"https:\/\/www.spaceylon.hr\/en\/proizvod\/undersea-paradise-limited-edition-collection-of-intensive-hand-cream-3x30g\/\" \/>\n<meta property=\"og:site_name\" content=\"Spa Ceylon Croatia\" \/>\n<meta property=\"article:publisher\" content=\"https:\/\/www.facebook.com\/SpaCeylonCroatia\" \/>\n<meta property=\"article:modified_time\" content=\"2025-10-27T10:18:54+00:00\" \/>\n<meta property=\"og:image\" content=\"https:\/\/www.spaceylon.hr\/wp-content\/uploads\/2024\/11\/804B7446-B63C-4DA0-9818-560123E20C4A-scaled.jpeg\" \/>\n\t<meta property=\"og:image:width\" content=\"2560\" \/>\n\t<meta property=\"og:image:height\" content=\"2560\" \/>\n\t<meta property=\"og:image:type\" content=\"image\/jpeg\" \/>\n<meta name=\"twitter:card\" content=\"summary_large_image\" \/>\n<meta name=\"twitter:label1\" content=\"Est. reading time\" \/>\n\t<meta name=\"twitter:data1\" content=\"1 minute\" \/>\n<script type=\"application\/ld+json\" class=\"yoast-schema-graph\">{\"@context\":\"https:\/\/schema.org\",\"@graph\":[{\"@type\":[\"WebPage\",\"ItemPage\"],\"@id\":\"https:\/\/www.spaceylon.hr\/en\/proizvod\/undersea-paradise-limited-edition-collection-of-intensive-hand-cream-3x30g\/\",\"url\":\"https:\/\/www.spaceylon.hr\/en\/proizvod\/undersea-paradise-limited-edition-collection-of-intensive-hand-cream-3x30g\/\",\"name\":\"UNDERSEA PARADISE LIMITED EDITION COLLECTION OF INTENSIVE HAND CREAM 3X30g | Spa Ceylon Croatia\",\"isPartOf\":{\"@id\":\"https:\/\/www.spaceylon.hr\/en\/#website\"},\"primaryImageOfPage\":{\"@id\":\"https:\/\/www.spaceylon.hr\/en\/proizvod\/undersea-paradise-limited-edition-collection-of-intensive-hand-cream-3x30g\/#primaryimage\"},\"image\":{\"@id\":\"https:\/\/www.spaceylon.hr\/en\/proizvod\/undersea-paradise-limited-edition-collection-of-intensive-hand-cream-3x30g\/#primaryimage\"},\"thumbnailUrl\":\"https:\/\/www.spaceylon.hr\/wp-content\/uploads\/2024\/11\/804B7446-B63C-4DA0-9818-560123E20C4A-scaled.jpeg\",\"datePublished\":\"2024-11-25T12:18:19+00:00\",\"dateModified\":\"2025-10-27T10:18:54+00:00\",\"breadcrumb\":{\"@id\":\"https:\/\/www.spaceylon.hr\/en\/proizvod\/undersea-paradise-limited-edition-collection-of-intensive-hand-cream-3x30g\/#breadcrumb\"},\"inLanguage\":\"en-US\",\"potentialAction\":[{\"@type\":\"ReadAction\",\"target\":[\"https:\/\/www.spaceylon.hr\/en\/proizvod\/undersea-paradise-limited-edition-collection-of-intensive-hand-cream-3x30g\/\"]}]},{\"@type\":\"ImageObject\",\"inLanguage\":\"en-US\",\"@id\":\"https:\/\/www.spaceylon.hr\/en\/proizvod\/undersea-paradise-limited-edition-collection-of-intensive-hand-cream-3x30g\/#primaryimage\",\"url\":\"https:\/\/www.spaceylon.hr\/wp-content\/uploads\/2024\/11\/804B7446-B63C-4DA0-9818-560123E20C4A-scaled.jpeg\",\"contentUrl\":\"https:\/\/www.spaceylon.hr\/wp-content\/uploads\/2024\/11\/804B7446-B63C-4DA0-9818-560123E20C4A-scaled.jpeg\",\"width\":2560,\"height\":2560},{\"@type\":\"BreadcrumbList\",\"@id\":\"https:\/\/www.spaceylon.hr\/en\/proizvod\/undersea-paradise-limited-edition-collection-of-intensive-hand-cream-3x30g\/#breadcrumb\",\"itemListElement\":[{\"@type\":\"ListItem\",\"position\":1,\"name\":\"Po\u010detna stranica\",\"item\":\"https:\/\/www.spaceylon.hr\/en\/home\/\"},{\"@type\":\"ListItem\",\"position\":2,\"name\":\"Shop\",\"item\":\"https:\/\/www.spaceylon.hr\/en\/shop\/\"},{\"@type\":\"ListItem\",\"position\":3,\"name\":\"UNDERSEA PARADISE LIMITED EDITION COLLECTION OF INTENSIVE HAND CREAM 3X30g\"}]},{\"@type\":\"WebSite\",\"@id\":\"https:\/\/www.spaceylon.hr\/en\/#website\",\"url\":\"https:\/\/www.spaceylon.hr\/en\/\",\"name\":\"Spa Ceylon Croatia\",\"description\":\"Poklonite svome tijelu luksuz prirode\",\"publisher\":{\"@id\":\"https:\/\/www.spaceylon.hr\/en\/#organization\"},\"potentialAction\":[{\"@type\":\"SearchAction\",\"target\":{\"@type\":\"EntryPoint\",\"urlTemplate\":\"https:\/\/www.spaceylon.hr\/en\/?s={search_term_string}\"},\"query-input\":\"required name=search_term_string\"}],\"inLanguage\":\"en-US\"},{\"@type\":\"Organization\",\"@id\":\"https:\/\/www.spaceylon.hr\/en\/#organization\",\"name\":\"Spa Ceylon Hrvatska\",\"url\":\"https:\/\/www.spaceylon.hr\/en\/\",\"logo\":{\"@type\":\"ImageObject\",\"inLanguage\":\"en-US\",\"@id\":\"https:\/\/www.spaceylon.hr\/en\/#\/schema\/logo\/image\/\",\"url\":\"https:\/\/www.spaceylon.hr\/wp-content\/uploads\/2020\/06\/logo-retina.png\",\"contentUrl\":\"https:\/\/www.spaceylon.hr\/wp-content\/uploads\/2020\/06\/logo-retina.png\",\"width\":404,\"height\":86,\"caption\":\"Spa Ceylon Hrvatska\"},\"image\":{\"@id\":\"https:\/\/www.spaceylon.hr\/en\/#\/schema\/logo\/image\/\"},\"sameAs\":[\"https:\/\/www.facebook.com\/SpaCeylonCroatia\",\"https:\/\/www.instagram.com\/spaceyloncroatia\/?hl=hr\"]}]}<\/script>\n<!-- \/ Yoast SEO plugin. -->","yoast_head_json":{"title":"UNDERSEA PARADISE LIMITED EDITION COLLECTION OF INTENSIVE HAND CREAM 3X30g | Spa Ceylon Croatia","robots":{"index":"index","follow":"follow","max-snippet":"max-snippet:-1","max-image-preview":"max-image-preview:large","max-video-preview":"max-video-preview:-1"},"canonical":"https:\/\/www.spaceylon.hr\/en\/proizvod\/undersea-paradise-limited-edition-collection-of-intensive-hand-cream-3x30g\/","og_locale":"en_US","og_type":"article","og_title":"UNDERSEA PARADISE LIMITED EDITION COLLECTION OF INTENSIVE HAND CREAM 3X30g | Spa Ceylon Croatia","og_description":"UNDERSEA PARADISE LIMITED EDITION COLLECTION OF INTENSIVE HAND CREAM 3X30g Mirissa intensive hand cream 30g Unawatuna intensive hand cream 30g [&hellip;]","og_url":"https:\/\/www.spaceylon.hr\/en\/proizvod\/undersea-paradise-limited-edition-collection-of-intensive-hand-cream-3x30g\/","og_site_name":"Spa Ceylon Croatia","article_publisher":"https:\/\/www.facebook.com\/SpaCeylonCroatia","article_modified_time":"2025-10-27T10:18:54+00:00","og_image":[{"width":2560,"height":2560,"url":"https:\/\/www.spaceylon.hr\/wp-content\/uploads\/2024\/11\/804B7446-B63C-4DA0-9818-560123E20C4A-scaled.jpeg","type":"image\/jpeg"}],"twitter_card":"summary_large_image","twitter_misc":{"Est. reading time":"1 minute"},"schema":{"@context":"https:\/\/schema.org","@graph":[{"@type":["WebPage","ItemPage"],"@id":"https:\/\/www.spaceylon.hr\/en\/proizvod\/undersea-paradise-limited-edition-collection-of-intensive-hand-cream-3x30g\/","url":"https:\/\/www.spaceylon.hr\/en\/proizvod\/undersea-paradise-limited-edition-collection-of-intensive-hand-cream-3x30g\/","name":"UNDERSEA PARADISE LIMITED EDITION COLLECTION OF INTENSIVE HAND CREAM 3X30g | Spa Ceylon Croatia","isPartOf":{"@id":"https:\/\/www.spaceylon.hr\/en\/#website"},"primaryImageOfPage":{"@id":"https:\/\/www.spaceylon.hr\/en\/proizvod\/undersea-paradise-limited-edition-collection-of-intensive-hand-cream-3x30g\/#primaryimage"},"image":{"@id":"https:\/\/www.spaceylon.hr\/en\/proizvod\/undersea-paradise-limited-edition-collection-of-intensive-hand-cream-3x30g\/#primaryimage"},"thumbnailUrl":"https:\/\/www.spaceylon.hr\/wp-content\/uploads\/2024\/11\/804B7446-B63C-4DA0-9818-560123E20C4A-scaled.jpeg","datePublished":"2024-11-25T12:18:19+00:00","dateModified":"2025-10-27T10:18:54+00:00","breadcrumb":{"@id":"https:\/\/www.spaceylon.hr\/en\/proizvod\/undersea-paradise-limited-edition-collection-of-intensive-hand-cream-3x30g\/#breadcrumb"},"inLanguage":"en-US","potentialAction":[{"@type":"ReadAction","target":["https:\/\/www.spaceylon.hr\/en\/proizvod\/undersea-paradise-limited-edition-collection-of-intensive-hand-cream-3x30g\/"]}]},{"@type":"ImageObject","inLanguage":"en-US","@id":"https:\/\/www.spaceylon.hr\/en\/proizvod\/undersea-paradise-limited-edition-collection-of-intensive-hand-cream-3x30g\/#primaryimage","url":"https:\/\/www.spaceylon.hr\/wp-content\/uploads\/2024\/11\/804B7446-B63C-4DA0-9818-560123E20C4A-scaled.jpeg","contentUrl":"https:\/\/www.spaceylon.hr\/wp-content\/uploads\/2024\/11\/804B7446-B63C-4DA0-9818-560123E20C4A-scaled.jpeg","width":2560,"height":2560},{"@type":"BreadcrumbList","@id":"https:\/\/www.spaceylon.hr\/en\/proizvod\/undersea-paradise-limited-edition-collection-of-intensive-hand-cream-3x30g\/#breadcrumb","itemListElement":[{"@type":"ListItem","position":1,"name":"Po\u010detna stranica","item":"https:\/\/www.spaceylon.hr\/en\/home\/"},{"@type":"ListItem","position":2,"name":"Shop","item":"https:\/\/www.spaceylon.hr\/en\/shop\/"},{"@type":"ListItem","position":3,"name":"UNDERSEA PARADISE LIMITED EDITION COLLECTION OF INTENSIVE HAND CREAM 3X30g"}]},{"@type":"WebSite","@id":"https:\/\/www.spaceylon.hr\/en\/#website","url":"https:\/\/www.spaceylon.hr\/en\/","name":"Spa Ceylon Croatia","description":"Poklonite svome tijelu luksuz prirode","publisher":{"@id":"https:\/\/www.spaceylon.hr\/en\/#organization"},"potentialAction":[{"@type":"SearchAction","target":{"@type":"EntryPoint","urlTemplate":"https:\/\/www.spaceylon.hr\/en\/?s={search_term_string}"},"query-input":"required name=search_term_string"}],"inLanguage":"en-US"},{"@type":"Organization","@id":"https:\/\/www.spaceylon.hr\/en\/#organization","name":"Spa Ceylon Hrvatska","url":"https:\/\/www.spaceylon.hr\/en\/","logo":{"@type":"ImageObject","inLanguage":"en-US","@id":"https:\/\/www.spaceylon.hr\/en\/#\/schema\/logo\/image\/","url":"https:\/\/www.spaceylon.hr\/wp-content\/uploads\/2020\/06\/logo-retina.png","contentUrl":"https:\/\/www.spaceylon.hr\/wp-content\/uploads\/2020\/06\/logo-retina.png","width":404,"height":86,"caption":"Spa Ceylon Hrvatska"},"image":{"@id":"https:\/\/www.spaceylon.hr\/en\/#\/schema\/logo\/image\/"},"sameAs":["https:\/\/www.facebook.com\/SpaCeylonCroatia","https:\/\/www.instagram.com\/spaceyloncroatia\/?hl=hr"]}]}},"jetpack_sharing_enabled":true,"_links":{"self":[{"href":"https:\/\/www.spaceylon.hr\/en\/wp-json\/wp\/v2\/product\/27229"}],"collection":[{"href":"https:\/\/www.spaceylon.hr\/en\/wp-json\/wp\/v2\/product"}],"about":[{"href":"https:\/\/www.spaceylon.hr\/en\/wp-json\/wp\/v2\/types\/product"}],"wp:featuredmedia":[{"embeddable":true,"href":"https:\/\/www.spaceylon.hr\/en\/wp-json\/wp\/v2\/media\/27325"}],"wp:attachment":[{"href":"https:\/\/www.spaceylon.hr\/en\/wp-json\/wp\/v2\/media?parent=27229"}],"wp:term":[{"taxonomy":"product_cat","embeddable":true,"href":"https:\/\/www.spaceylon.hr\/en\/wp-json\/wp\/v2\/product_cat?post=27229"},{"taxonomy":"product_tag","embeddable":true,"href":"https:\/\/www.spaceylon.hr\/en\/wp-json\/wp\/v2\/product_tag?post=27229"}],"curies":[{"name":"wp","href":"https:\/\/api.w.org\/{rel}","templated":true}]}}